{"id":15,"date":"2016-02-29T19:23:57","date_gmt":"2016-02-29T18:23:57","guid":{"rendered":"http:\/\/thfwelcome.de\/?page_id=15"},"modified":"2022-01-12T15:08:58","modified_gmt":"2022-01-12T14:08:58","slug":"spenden-mitglied-werden","status":"publish","type":"page","link":"https:\/\/thfwelcome.de\/ar\/spenden-mitglied-werden\/","title":{"rendered":"Spenden \/ Mitglied werden"},"content":{"rendered":"<p><strong><span style=\"color: #00949c;\">GELDSPENDEN:<\/span><\/strong><\/p>\n<p>Die bei THFwelcome e.V. eingehenden Spenden flie\u00dfen zu 100% in die Frauen-Projekte und die Fahrradwerkstatt des Vereins und erm\u00f6glichen uns, unsere Aktivit\u00e4ten aufrecht zu erhalten und zu erweitern. Wir sind seit 2017 als gemeinn\u00fctziger Verein anerkannt \u2013 Spendenquittung stellen wir gerne aus.<\/p>\n<p><strong>Kontoverbindung \u2028<\/strong><br \/>\nVR\u00adBank Altenburger Land eG<br \/>\nIBAN: DE83830654080004913736<br \/>\nBIC: GENODEF1SLR<\/p>\n<p><strong><span style=\"color: #00949c;\">ZEIT SPENDEN:<\/span><\/strong><\/p>\n<p>Wenn ihr Interesse an einem langfristigen ehrenamtlichen Engagement mit THFwelcome habt, schreibt uns gerne an: info@thfwelcome.de<\/p>\n<p><strong><span style=\"color: #00949c;\">SACHSPENDEN:<\/span><br \/>\n<\/strong><\/p>\n<p>Wir nehmen gern Materialspenden f\u00fcr das Fahrradprojekt an:<\/p>\n<ul>\n<li>Fahrr\u00e4der aller Art (heil, kaputt oder auch total kaputt)<\/li>\n<li>Fahrradteile<\/li>\n<li>Ersatzteile<\/li>\n<li>Werkzeuge<\/li>\n<li>Flickzeug<\/li>\n<\/ul>\n<p><strong><span style=\"color: #00949c;\">FRAGEN?<\/span><br \/>\n<\/strong> info@thfwelcome.de<\/p>\n<p style=\"text-align: justify;\"><strong><span style=\"color: #00949c;\">MITGLIEDSCHAFT:<\/span><br \/>\n<\/strong> Werdet Mitglied und unterst\u00fctzt mit Eurer Mitgliedschaft die Aktivit\u00e4ten von THFwelcome e.V. Wir freuen uns \u00fcber alle, die sich aktiv einbringen m\u00f6chten: info@thfwelcome.de<\/p>\n<p><span style=\"color: #008080;\"><strong>VEREINSREGISTERNUMMER:<\/strong><\/span><\/p>\n<p>THFwelcome e.V. ist ein anerkannter nicht profitorientierter Verein, registriert beim Amtsgericht Berlin (Charlottenburg). Die Registrierungsnummer lautet <strong>VR 34767 B<\/strong>. Die Steuernummer durch das Finanzamt f\u00fcr K\u00f6rperschaften I Berlin lautet: <strong>StNr. 27\/678\/56743<\/strong>.<\/p>\n","protected":false},"excerpt":{"rendered":"<p>GELDSPENDEN: Die bei THFwelcome e.V. eingehenden Spenden flie\u00dfen zu 100% in die Frauen-Projekte und die Fahrradwerkstatt des Vereins und erm\u00f6glichen uns, unsere Aktivit\u00e4ten aufrecht zu erhalten und zu erweitern. Wir sind seit 2017 als gemeinn\u00fctziger Verein anerkannt \u2013 Spendenquittung stellen wir gerne aus. Kontoverbindung \u2028 VR\u00adBank Altenburger Land eG IBAN: DE83830654080004913736 BIC: GENODEF1SLR ZEIT SPENDEN: &hellip; <\/p>\n<p class=\"link-more\"><a href=\"https:\/\/thfwelcome.de\/ar\/spenden-mitglied-werden\/\" class=\"more-link\">Continue reading<span class=\"screen-reader-text\"> &#8220;Spenden \/ Mitglied werden&#8221;<\/span><\/a><\/p>\n","protected":false},"author":10,"featured_media":0,"parent":0,"menu_order":0,"comment_status":"closed","ping_status":"closed","template":"","meta":[],"_links":{"self":[{"href":"https:\/\/thfwelcome.de\/ar\/wp-json\/wp\/v2\/pages\/15"}],"collection":[{"href":"https:\/\/thfwelcome.de\/ar\/wp-json\/wp\/v2\/pages"}],"about":[{"href":"https:\/\/thfwelcome.de\/ar\/wp-json\/wp\/v2\/types\/page"}],"author":[{"embeddable":true,"href":"https:\/\/thfwelcome.de\/ar\/wp-json\/wp\/v2\/users\/10"}],"replies":[{"embeddable":true,"href":"https:\/\/thfwelcome.de\/ar\/wp-json\/wp\/v2\/comments?post=15"}],"version-history":[{"count":33,"href":"https:\/\/thfwelcome.de\/ar\/wp-json\/wp\/v2\/pages\/15\/revisions"}],"predecessor-version":[{"id":1855,"href":"https:\/\/thfwelcome.de\/ar\/wp-json\/wp\/v2\/pages\/15\/revisions\/1855"}],"wp:attachment":[{"href":"https:\/\/thfwelcome.de\/ar\/wp-json\/wp\/v2\/media?parent=15"}],"curies":[{"name":"wp","href":"https:\/\/api.w.org\/{rel}","templated":true}]}}