{"id":1856,"date":"2022-01-05T01:13:44","date_gmt":"2022-01-05T00:13:44","guid":{"rendered":"http:\/\/thfwelcome.de\/?page_id=1856"},"modified":"2022-01-22T10:39:07","modified_gmt":"2022-01-22T09:39:07","slug":"wofuer-wir-stehen","status":"publish","type":"page","link":"https:\/\/thfwelcome.de\/ar\/wofuer-wir-stehen\/","title":{"rendered":"Wof\u00fcr wir stehen"},"content":{"rendered":"\n<p>Wir von THFwelcome e.V. unterst\u00fctzen nachdr\u00fccklich das Grundrecht auf Asyl. Wir hei\u00dfen Menschen, die gefl\u00fcchtet sind in Deutschland willkommen und wenden uns gegen jegliche Diskriminierungen. Wir helfen speziell gefl\u00fcchteten Frauen und Kindern, Probleme zu \u00fcberwinden und ein eigenst\u00e4ndiges Leben zu f\u00fchren. Im Bereich des Recycelns von Fahrr\u00e4dern orientieren wir uns an \u00f6kologischen Ma\u00dfst\u00e4ben und Zielen und sind auch f\u00fcr nichtgefl\u00fcchtete Personen offen, die sich kein neues Fahrrad leisten k\u00f6nnen.<\/p>\n","protected":false},"excerpt":{"rendered":"<p>Wir von THFwelcome e.V. unterst\u00fctzen nachdr\u00fccklich das Grundrecht auf Asyl. Wir hei\u00dfen Menschen, die gefl\u00fcchtet sind in Deutschland willkommen und wenden uns gegen jegliche Diskriminierungen. Wir helfen speziell gefl\u00fcchteten Frauen und Kindern, Probleme zu \u00fcberwinden und ein eigenst\u00e4ndiges Leben zu f\u00fchren. Im Bereich des Recycelns von Fahrr\u00e4dern orientieren wir uns an \u00f6kologischen Ma\u00dfst\u00e4ben und Zielen &hellip; <\/p>\n<p class=\"link-more\"><a href=\"https:\/\/thfwelcome.de\/ar\/wofuer-wir-stehen\/\" class=\"more-link\">Continue reading<span class=\"screen-reader-text\"> &#8220;Wof\u00fcr wir stehen&#8221;<\/span><\/a><\/p>\n","protected":false},"author":12,"featured_media":0,"parent":0,"menu_order":0,"comment_status":"closed","ping_status":"closed","template":"","meta":[],"_links":{"self":[{"href":"https:\/\/thfwelcome.de\/ar\/wp-json\/wp\/v2\/pages\/1856"}],"collection":[{"href":"https:\/\/thfwelcome.de\/ar\/wp-json\/wp\/v2\/pages"}],"about":[{"href":"https:\/\/thfwelcome.de\/ar\/wp-json\/wp\/v2\/types\/page"}],"author":[{"embeddable":true,"href":"https:\/\/thfwelcome.de\/ar\/wp-json\/wp\/v2\/users\/12"}],"replies":[{"embeddable":true,"href":"https:\/\/thfwelcome.de\/ar\/wp-json\/wp\/v2\/comments?post=1856"}],"version-history":[{"count":8,"href":"https:\/\/thfwelcome.de\/ar\/wp-json\/wp\/v2\/pages\/1856\/revisions"}],"predecessor-version":[{"id":1996,"href":"https:\/\/thfwelcome.de\/ar\/wp-json\/wp\/v2\/pages\/1856\/revisions\/1996"}],"wp:attachment":[{"href":"https:\/\/thfwelcome.de\/ar\/wp-json\/wp\/v2\/media?parent=1856"}],"curies":[{"name":"wp","href":"https:\/\/api.w.org\/{rel}","templated":true}]}}