{"id":1876,"date":"2022-01-04T17:36:03","date_gmt":"2022-01-04T16:36:03","guid":{"rendered":"https:\/\/thfwelcome.de\/?page_id=1876"},"modified":"2022-01-22T11:39:28","modified_gmt":"2022-01-22T10:39:28","slug":"vereinsgeschichte","status":"publish","type":"page","link":"https:\/\/thfwelcome.de\/en\/vereinsgeschichte\/","title":{"rendered":"Vereinsgeschichte"},"content":{"rendered":"<div class=\"fl-builder-content fl-builder-content-1876\" data-post-id=\"1876\"><div class=\"fl-row fl-row-fixed-width fl-row-bg-none fl-node-efb6vgo1587s\" data-node=\"efb6vgo1587s\">\n\t<div class=\"fl-row-content-wrap\">\n\t\t\t\t\t\t<div class=\"fl-row-content fl-row-fixed-width fl-node-content\">\n\t\t\n<div class=\"fl-col-group fl-node-d5c3ixrbgut7\" data-node=\"d5c3ixrbgut7\">\n\t\t\t<div class=\"fl-col fl-node-zxlb0iej63cd\" data-node=\"zxlb0iej63cd\">\n\t<div class=\"fl-col-content fl-node-content\">\n\t<div class=\"fl-module fl-module-rich-text fl-node-c3ojl1bkxhvw\" data-node=\"c3ojl1bkxhvw\">\n\t<div class=\"fl-module-content fl-node-content\">\n\t\t<div class=\"fl-rich-text\">\n\t<p>THFwelcome e.V. ist ein junger Verein, der sich aus der Unterst\u00fctzung von Gefl\u00fcchteten in der Zeit 2015\/16 entwickelt hat. Ende Oktober 2015 begann der Berliner Senat damit, Gefl\u00fcchtete in der Notunterkunft in den Hangars des ehemaligen Flughafens Tempelhof unterzubringen. Von Anfang an engagierten wir uns im Rahmen einer Facebook-Initiative, um die Situation der Bewohner*innen zu verbessern. Im Jahr 2016 haben wir den Verein \u201eTHFwelcome\u201c gegr\u00fcndet, dessen Namen aus der Willkommenskultur der zeit stammt und der wir uns immer noch verbunden f\u00fchlen.<img loading=\"lazy\" width=\"1024\" height=\"426\" class=\"wp-image-1877\" src=\"https:\/\/thfwelcome.de\/wp-content\/uploads\/2022\/01\/THFw-FB-Seite-1024x426.jpg\" alt=\"\" srcset=\"https:\/\/thfwelcome.de\/wp-content\/uploads\/2022\/01\/THFw-FB-Seite-1024x426.jpg 1024w, https:\/\/thfwelcome.de\/wp-content\/uploads\/2022\/01\/THFw-FB-Seite-300x125.jpg 300w, https:\/\/thfwelcome.de\/wp-content\/uploads\/2022\/01\/THFw-FB-Seite-768x320.jpg 768w, https:\/\/thfwelcome.de\/wp-content\/uploads\/2022\/01\/THFw-FB-Seite-600x250.jpg 600w, https:\/\/thfwelcome.de\/wp-content\/uploads\/2022\/01\/THFw-FB-Seite.jpg 1328w\" sizes=\"(max-width: 767px) 89vw, (max-width: 1000px) 54vw, (max-width: 1071px) 543px, 580px\" \/><\/p>\n<p><span style=\"font-size: 16px;\">Zwei Jahre lang haben wir eine Kleiderkammer und ein Begegnungscaf\u00e9 betrieben, die bis zur Beendigung der Unterbringung in den Hangars 2017 regen Betrieb verzeichneten. <\/span><img loading=\"lazy\" class=\"wp-image-1879 alignleft\" src=\"https:\/\/thfwelcome.de\/wp-content\/uploads\/2022\/01\/Kleiderkammer-1024x683.jpg\" alt=\"\" width=\"1097\" height=\"732\" srcset=\"https:\/\/thfwelcome.de\/wp-content\/uploads\/2022\/01\/Kleiderkammer-1024x683.jpg 1024w, https:\/\/thfwelcome.de\/wp-content\/uploads\/2022\/01\/Kleiderkammer-300x200.jpg 300w, https:\/\/thfwelcome.de\/wp-content\/uploads\/2022\/01\/Kleiderkammer-768x512.jpg 768w, https:\/\/thfwelcome.de\/wp-content\/uploads\/2022\/01\/Kleiderkammer-1536x1024.jpg 1536w, https:\/\/thfwelcome.de\/wp-content\/uploads\/2022\/01\/Kleiderkammer-960x640.jpg 960w, https:\/\/thfwelcome.de\/wp-content\/uploads\/2022\/01\/Kleiderkammer-450x300.jpg 450w, https:\/\/thfwelcome.de\/wp-content\/uploads\/2022\/01\/Kleiderkammer.jpg 2048w\" sizes=\"(max-width: 767px) 89vw, (max-width: 1000px) 54vw, (max-width: 1071px) 543px, 580px\" \/><\/p>\n<figure class=\"wp-block-image size-large\"><img loading=\"lazy\" class=\"wp-image-1880 alignleft\" src=\"https:\/\/thfwelcome.de\/wp-content\/uploads\/2022\/01\/THF_CAFE-25-von-30-1024x683.jpg\" alt=\"\" width=\"1301\" height=\"867\" srcset=\"https:\/\/thfwelcome.de\/wp-content\/uploads\/2022\/01\/THF_CAFE-25-von-30-1024x683.jpg 1024w, https:\/\/thfwelcome.de\/wp-content\/uploads\/2022\/01\/THF_CAFE-25-von-30-300x200.jpg 300w, https:\/\/thfwelcome.de\/wp-content\/uploads\/2022\/01\/THF_CAFE-25-von-30-768x512.jpg 768w, https:\/\/thfwelcome.de\/wp-content\/uploads\/2022\/01\/THF_CAFE-25-von-30-1536x1024.jpg 1536w, https:\/\/thfwelcome.de\/wp-content\/uploads\/2022\/01\/THF_CAFE-25-von-30-960x640.jpg 960w, https:\/\/thfwelcome.de\/wp-content\/uploads\/2022\/01\/THF_CAFE-25-von-30-450x300.jpg 450w, https:\/\/thfwelcome.de\/wp-content\/uploads\/2022\/01\/THF_CAFE-25-von-30.jpg 2048w\" sizes=\"(max-width: 767px) 89vw, (max-width: 1000px) 54vw, (max-width: 1071px) 543px, 580px\" \/><\/figure>\n<p>&nbsp;<\/p>\n<p>&nbsp;<\/p>\n<p>&nbsp;<\/p>\n<p>&nbsp;<\/p>\n<p>&nbsp;<\/p>\n<p>&nbsp;<\/p>\n<p>&nbsp;<\/p>\n<p>&nbsp;<\/p>\n<p>&nbsp;<\/p>\n<p>&nbsp;<\/p>\n<p>&nbsp;<\/p>\n<p>&nbsp;<\/p>\n<p>&nbsp;<\/p>\n<p>&nbsp;<\/p>\n<p>&nbsp;<\/p>\n<p>&nbsp;<\/p>\n<p>&nbsp;<\/p>\n<p>&nbsp;<\/p>\n<p>&nbsp;<\/p>\n<p>&nbsp;<\/p>\n<p>&nbsp;<\/p>\n<p>&nbsp;<\/p>\n<p>&nbsp;<\/p>\n<p>&nbsp;<\/p>\n<p>&nbsp;<\/p>\n<p>&nbsp;<\/p>\n<p>&nbsp;<\/p>\n<p>&nbsp;<\/p>\n<p>&nbsp;<\/p>\n<p>&nbsp;<\/p>\n<p>&nbsp;<\/p>\n<p>&nbsp;<\/p>\n<p>&nbsp;<\/p>\n<p>&nbsp;<\/p>\n<p>&nbsp;<\/p>\n<p>&nbsp;<\/p>\n<p>&nbsp;<\/p>\n<p>&nbsp;<\/p>\n<p>&nbsp;<\/p>\n<p>&nbsp;<\/p>\n<p>&nbsp;<\/p>\n<p>In den Jahren 2018 und 2019 konnten wir durch die F\u00f6rderung des Fonds \u201eAuf Augenh\u00f6he\u201c ein N\u00e4hprojekt f\u00fcr Frauen realisieren. Im Jahr 2016 haben wir auch ein \u201eFrauencaf\u00e9\u201c und eine Fahrradwerkstatt gegr\u00fcndet, die sich Dank best\u00e4ndiger Nachfrage bis heute erhalten haben und f\u00fcr die wir im Jahr 2020 je eine feste Stelle schaffen konnten.<img loading=\"lazy\" class=\"wp-image-1881\" src=\"https:\/\/thfwelcome.de\/wp-content\/uploads\/2022\/01\/Naehwerkstatt-verbessert-1.jpg\" alt=\"\" width=\"1267\" height=\"766\" srcset=\"https:\/\/thfwelcome.de\/wp-content\/uploads\/2022\/01\/Naehwerkstatt-verbessert-1.jpg 776w, https:\/\/thfwelcome.de\/wp-content\/uploads\/2022\/01\/Naehwerkstatt-verbessert-1-300x181.jpg 300w, https:\/\/thfwelcome.de\/wp-content\/uploads\/2022\/01\/Naehwerkstatt-verbessert-1-768x464.jpg 768w, https:\/\/thfwelcome.de\/wp-content\/uploads\/2022\/01\/Naehwerkstatt-verbessert-1-496x300.jpg 496w\" sizes=\"(max-width: 767px) 89vw, (max-width: 1000px) 54vw, (max-width: 1071px) 543px, 580px\" \/><\/p>\n<p>&nbsp;<\/p>\n<\/div>\n\t<\/div>\n<\/div>\n\t<\/div>\n<\/div>\n\t<\/div>\n\t\t<\/div>\n\t<\/div>\n<\/div>\n<\/div>","protected":false},"excerpt":{"rendered":"<p>THFwelcome e.V. ist ein junger Verein, der sich aus der Unterst\u00fctzung von Gefl\u00fcchteten in der Zeit 2015\/16 entwickelt hat. Ende Oktober 2015 begann der Berliner Senat damit, Gefl\u00fcchtete in der Notunterkunft in den Hangars des ehemaligen Flughafens Tempelhof unterzubringen. Von Anfang an engagierten wir uns im Rahmen einer Facebook-Initiative, um die Situation der Bewohner*innen zu &hellip; <\/p>\n<p class=\"link-more\"><a href=\"https:\/\/thfwelcome.de\/en\/vereinsgeschichte\/\" class=\"more-link\">Continue reading<span class=\"screen-reader-text\"> &#8220;Vereinsgeschichte&#8221;<\/span><\/a><\/p>\n","protected":false},"author":12,"featured_media":0,"parent":0,"menu_order":0,"comment_status":"closed","ping_status":"closed","template":"","meta":[],"_links":{"self":[{"href":"https:\/\/thfwelcome.de\/en\/wp-json\/wp\/v2\/pages\/1876"}],"collection":[{"href":"https:\/\/thfwelcome.de\/en\/wp-json\/wp\/v2\/pages"}],"about":[{"href":"https:\/\/thfwelcome.de\/en\/wp-json\/wp\/v2\/types\/page"}],"author":[{"embeddable":true,"href":"https:\/\/thfwelcome.de\/en\/wp-json\/wp\/v2\/users\/12"}],"replies":[{"embeddable":true,"href":"https:\/\/thfwelcome.de\/en\/wp-json\/wp\/v2\/comments?post=1876"}],"version-history":[{"count":4,"href":"https:\/\/thfwelcome.de\/en\/wp-json\/wp\/v2\/pages\/1876\/revisions"}],"predecessor-version":[{"id":1998,"href":"https:\/\/thfwelcome.de\/en\/wp-json\/wp\/v2\/pages\/1876\/revisions\/1998"}],"wp:attachment":[{"href":"https:\/\/thfwelcome.de\/en\/wp-json\/wp\/v2\/media?parent=1876"}],"curies":[{"name":"wp","href":"https:\/\/api.w.org\/{rel}","templated":true}]}}